{"id":2,"date":"2021-11-06T21:53:06","date_gmt":"2021-11-06T21:53:06","guid":{"rendered":"http:\/\/www.kancelaria-sobienie.pl\/?page_id=2"},"modified":"2026-02-15T22:43:44","modified_gmt":"2026-02-15T22:43:44","slug":"sample-page","status":"publish","type":"page","link":"https:\/\/www.kancelaria-sobienie.pl\/","title":{"rendered":"Kancelaria Sobienie"},"content":{"rendered":"\n<div class=\"wp-block-cover alignfull has-parallax\" style=\"padding-top:var(--wp--preset--spacing--50);padding-right:var(--wp--preset--spacing--80);padding-bottom:var(--wp--preset--spacing--50);padding-left:var(--wp--preset--spacing--80);min-height:700px;aspect-ratio:unset;\"><div role=\"img\" aria-label=\"Radca Prawny Ada Zawisza-Wr\u00f3blewska\" class=\"wp-block-cover__image-background wp-image-310 size-full has-parallax\" style=\"background-position:50% 50%;background-image:url(http:\/\/www.kancelaria-sobienie.pl\/wp-content\/uploads\/2026\/02\/Cover_cz-b_01-scaled.jpg)\"><\/div><span aria-hidden=\"true\" class=\"wp-block-cover__background has-nv-site-bg-background-color has-background-dim-20 has-background-dim\"><\/span><div class=\"wp-block-cover__inner-container is-layout-flow wp-block-cover-is-layout-flow\">\n<div class=\"wp-block-group alignwide has-small-font-size\" style=\"padding-right:var(--wp--preset--spacing--50);padding-left:var(--wp--preset--spacing--50)\"><div class=\"wp-block-group__inner-container is-layout-constrained wp-container-core-group-is-layout-f3e0733b wp-block-group-is-layout-constrained\">\n<p class=\"has-text-align-left has-white-color has-text-color\" style=\"font-size:15px\">Kancelaria Radcy Prawnego Ada Zawisza-Wr\u00f3blewska<\/p>\n\n\n\n<h1 class=\"wp-block-heading has-text-align-left has-white-color has-text-color\" style=\"font-size:43px\">Profesjonalna pomoc prawna<\/h1>\n\n\n\n<p class=\"has-text-align-left has-white-color has-text-color\" style=\"font-size:17px\">Twoja lokalna kancelaria \u2013 <br>profesjonalizm, zaanga\u017cowanie i indywidualne podej\u015bcie.<\/p>\n\n\n\n<div style=\"height:40px\" aria-hidden=\"true\" class=\"wp-block-spacer\"><\/div>\n\n\n\n<div class=\"wp-block-buttons is-layout-flex wp-block-buttons-is-layout-flex\" style=\"border-top-left-radius:9px;border-top-right-radius:9px;border-bottom-left-radius:9px;border-bottom-right-radius:9px;padding-right:0;padding-left:0\">\n<div class=\"wp-block-button is-style-primary\"><a class=\"wp-block-button__link wp-element-button\" href=\"mailto:ada.zawisza@kancelaria-sobienie.pl\">Um\u00f3w si\u0119 na konsultacj\u0119<\/a><\/div>\n<\/div>\n<\/div><\/div>\n<\/div><\/div>\n\n\n\n<div class=\"wp-block-group alignfull has-background\" style=\"background-color:#f2f0e9;padding-right:var(--wp--preset--spacing--50);padding-left:var(--wp--preset--spacing--50)\"><div class=\"wp-block-group__inner-container is-layout-constrained wp-container-core-group-is-layout-f3e0733b wp-block-group-is-layout-constrained\">\n<div style=\"height:70px;width:0px\" aria-hidden=\"true\" class=\"wp-block-spacer\"><\/div>\n\n\n\n<div class=\"wp-block-columns alignwide are-vertically-aligned-center is-layout-flex wp-container-core-columns-is-layout-da476ddf wp-block-columns-is-layout-flex\" style=\"padding-right:var(--wp--preset--spacing--60);padding-left:var(--wp--preset--spacing--60)\">\n<div class=\"wp-block-column is-layout-flow wp-block-column-is-layout-flow\" style=\"flex-basis:50%\">\n<h2 class=\"wp-block-heading has-text-color\" style=\"color:#000000;font-size:30px\"><strong>Indywidualne podej\u015bcie<\/strong><\/h2>\n<\/div>\n\n\n\n<div class=\"wp-block-column is-layout-flow wp-block-column-is-layout-flow\" style=\"flex-basis:50%\">\n<hr class=\"wp-block-separator has-text-color has-css-opacity has-background is-style-wide\" style=\"background-color:#000000;color:#000000\"\/>\n<\/div>\n<\/div>\n\n\n\n<div class=\"wp-block-columns alignwide is-layout-flex wp-container-core-columns-is-layout-88098167 wp-block-columns-is-layout-flex\" style=\"padding-right:var(--wp--preset--spacing--30);padding-left:var(--wp--preset--spacing--30)\">\n<div class=\"wp-block-column is-layout-flow wp-block-column-is-layout-flow\"><\/div>\n\n\n\n<div class=\"wp-block-column is-layout-flow wp-block-column-is-layout-flow\" style=\"padding-right:var(--wp--preset--spacing--50);padding-left:var(--wp--preset--spacing--50)\">\n<p class=\"has-text-color has-extra-small-font-size\" style=\"color:#000000\"><strong>Moja kancelaria to miejsce, gdzie Twoje sprawy traktowane s\u0105 z najwy\u017csz\u0105 staranno\u015bci\u0105 i trosk\u0105. <\/strong><\/p>\n\n\n\n<p class=\"has-text-color has-extra-small-font-size\" style=\"color:#000000\">Jako prawnik z wieloletnim do\u015bwiadczeniem w obs\u0142udze klient\u00f3w indywidualnych i przedsi\u0119biorc\u00f3w oferuj\u0119 praktyczne wsparcie prawne dostosowane do Twojej sytuacji. <\/p>\n<\/div>\n\n\n\n<div class=\"wp-block-column is-layout-flow wp-block-column-is-layout-flow\" style=\"padding-right:var(--wp--preset--spacing--50);padding-left:var(--wp--preset--spacing--50)\">\n<p class=\"has-text-color has-extra-small-font-size\" style=\"color:#000000\">Dzia\u0142am g\u0142\u00f3wnie w Warszawie, Otwocku, Garwolinie i okolicach, stawiaj\u0105c na <strong>bezpo\u015bredni kontakt, przejrzysto\u015b\u0107 i skuteczno\u015b\u0107<\/strong>.<br><br>Pomagam w sprawach rodzinnych, spadkowych, prawie pracy, dochodzeniu nale\u017cno\u015bci, odszkodowaniach oraz w kompleksowej obs\u0142udze firm.<\/p>\n\n\n\n<p><\/p>\n<\/div>\n<\/div>\n\n\n\n<div style=\"height:40px;width:0px\" aria-hidden=\"true\" class=\"wp-block-spacer\"><\/div>\n<\/div><\/div>\n\n\n\n<div style=\"height:100px\" aria-hidden=\"true\" class=\"wp-block-spacer\"><\/div>\n\n\n\n<div class=\"wp-block-group alignwide\" style=\"padding-right:0;padding-left:0\"><div class=\"wp-block-group__inner-container is-layout-flow wp-block-group-is-layout-flow\">\n<div class=\"wp-block-columns is-layout-flex wp-container-core-columns-is-layout-30ac8118 wp-block-columns-is-layout-flex\" style=\"padding-right:var(--wp--preset--spacing--50);padding-left:var(--wp--preset--spacing--50)\">\n<div class=\"wp-block-column is-vertically-aligned-center is-layout-flow wp-block-column-is-layout-flow\" style=\"padding-top:0;padding-right:0;padding-bottom:0;padding-left:0;flex-basis:66.66%\">\n<h2 class=\"wp-block-heading\">Kluczowe Us\u0142ugi <\/h2>\n<\/div>\n\n\n\n<div class=\"wp-block-column is-layout-flow wp-block-column-is-layout-flow\" style=\"flex-basis:33.33%\">\n<div class=\"wp-block-buttons is-content-justification-right is-layout-flex wp-container-core-buttons-is-layout-4e801bb2 wp-block-buttons-is-layout-flex\" style=\"padding-right:var(--wp--preset--spacing--50);padding-left:var(--wp--preset--spacing--50)\"><\/div>\n\n\n\n<hr class=\"wp-block-separator has-text-color has-nv-text-dark-bg-color has-alpha-channel-opacity has-nv-text-dark-bg-background-color has-background is-style-wide\"\/>\n<\/div>\n<\/div>\n\n\n\n<div class=\"wp-block-group alignwide\" style=\"padding-bottom:var(--wp--preset--spacing--50)\"><div class=\"wp-block-group__inner-container is-layout-constrained wp-block-group-is-layout-constrained\">\n<div class=\"wp-block-columns are-vertically-aligned-top is-layout-flex wp-container-core-columns-is-layout-7869eda0 wp-block-columns-is-layout-flex\" style=\"padding-top:0;padding-right:0;padding-bottom:var(--wp--preset--spacing--50);padding-left:0\">\n<div class=\"wp-block-column is-vertically-aligned-top is-layout-flow wp-block-column-is-layout-flow\" style=\"padding-right:var(--wp--preset--spacing--50);padding-left:var(--wp--preset--spacing--50)\">\n<div id=\"wp-block-themeisle-blocks-font-awesome-icons-26963098\" class=\"wp-block-themeisle-blocks-font-awesome-icons\"><span class=\"wp-block-themeisle-blocks-font-awesome-icons-container\"><i class=\"fas fa-grip-lines\"><\/i><\/span><\/div>\n\n\n\n<h3 class=\"wp-block-heading\">Rejestracja i obs\u0142uga sp\u00f3\u0142ek<\/h3>\n\n\n\n<p>Pomoc przy zak\u0142adaniu, rejestrowaniu i formalno\u015bciach zwi\u0105zanych ze sp\u00f3\u0142kami prawa handlowego.<\/p>\n<\/div>\n\n\n\n<div class=\"wp-block-column is-vertically-aligned-top is-layout-flow wp-block-column-is-layout-flow\" style=\"padding-right:var(--wp--preset--spacing--50);padding-left:var(--wp--preset--spacing--50)\">\n<div id=\"wp-block-themeisle-blocks-font-awesome-icons-f4654c29\" class=\"wp-block-themeisle-blocks-font-awesome-icons\"><span class=\"wp-block-themeisle-blocks-font-awesome-icons-container\"><i class=\"fas fa-grip-lines\"><\/i><\/span><\/div>\n\n\n\n<h3 class=\"wp-block-heading\">Likwidacja sp\u00f3\u0142ek i zmiany w KRS<\/h3>\n\n\n\n<p>Przeprowadzanie proces\u00f3w likwidacyjnych i aktualizowanie wpis\u00f3w w Krajowym Rejestrze S\u0105dowym.<\/p>\n<\/div>\n\n\n\n<div class=\"wp-block-column is-vertically-aligned-top is-layout-flow wp-block-column-is-layout-flow\" style=\"padding-right:var(--wp--preset--spacing--50);padding-left:var(--wp--preset--spacing--50)\">\n<div id=\"wp-block-themeisle-blocks-font-awesome-icons-23a22a03\" class=\"wp-block-themeisle-blocks-font-awesome-icons\"><span class=\"wp-block-themeisle-blocks-font-awesome-icons-container\"><i class=\"fas fa-grip-lines\"><\/i><\/span><\/div>\n\n\n\n<h3 class=\"wp-block-heading\">Windykacja nale\u017cno\u015bci<\/h3>\n\n\n\n<p>Dochowanie nale\u017cno\u015bci na etapie przeds\u0105dowym, s\u0105dowym i egzekucyjnym.<\/p>\n<\/div>\n\n\n\n<div class=\"wp-block-column is-vertically-aligned-top is-layout-flow wp-block-column-is-layout-flow\" style=\"padding-right:var(--wp--preset--spacing--50);padding-left:var(--wp--preset--spacing--50)\">\n<div id=\"wp-block-themeisle-blocks-font-awesome-icons-da2be441\" class=\"wp-block-themeisle-blocks-font-awesome-icons\"><span class=\"wp-block-themeisle-blocks-font-awesome-icons-container\"><i class=\"fas fa-grip-lines\"><\/i><\/span><\/div>\n\n\n\n<h3 class=\"wp-block-heading\">Odszkodowania i roszczenia<\/h3>\n\n\n\n<p>Pomoc w uzyskaniu odszkodowa\u0144 (np. komunikacyjnych, maj\u0105tkowych lub b\u0142\u0119d\u00f3w medycznych).<\/p>\n<\/div>\n<\/div>\n\n\n\n<div class=\"wp-block-columns are-vertically-aligned-top is-layout-flex wp-container-core-columns-is-layout-7869eda0 wp-block-columns-is-layout-flex\" style=\"padding-top:0;padding-right:0;padding-bottom:var(--wp--preset--spacing--50);padding-left:0\">\n<div class=\"wp-block-column is-vertically-aligned-top is-layout-flow wp-block-column-is-layout-flow\" style=\"padding-right:var(--wp--preset--spacing--50);padding-left:var(--wp--preset--spacing--50)\">\n<div id=\"wp-block-themeisle-blocks-font-awesome-icons-723b4354\" class=\"wp-block-themeisle-blocks-font-awesome-icons\"><span class=\"wp-block-themeisle-blocks-font-awesome-icons-container\"><i class=\"fas fa-grip-lines\"><\/i><\/span><\/div>\n\n\n\n<h3 class=\"wp-block-heading\">Sprawy rodzinne<\/h3>\n\n\n\n<p>Wsparcie w sprawach rozwodowych, o alimenty, kontakty z dzie\u0107mi i w\u0142adz\u0119 rodzicielsk\u0105.<\/p>\n<\/div>\n\n\n\n<div class=\"wp-block-column is-vertically-aligned-top is-layout-flow wp-block-column-is-layout-flow\" style=\"padding-right:var(--wp--preset--spacing--50);padding-left:var(--wp--preset--spacing--50)\">\n<div id=\"wp-block-themeisle-blocks-font-awesome-icons-9b70cb6e\" class=\"wp-block-themeisle-blocks-font-awesome-icons\"><span class=\"wp-block-themeisle-blocks-font-awesome-icons-container\"><i class=\"fas fa-grip-lines\"><\/i><\/span><\/div>\n\n\n\n<h3 class=\"wp-block-heading\">Sprawy spadkowe<\/h3>\n\n\n\n<p>Pomoc przy dzia\u0142ach spadku, stwierdzeniu nabycia spadku i zachowku.<\/p>\n<\/div>\n\n\n\n<div class=\"wp-block-column is-vertically-aligned-top is-layout-flow wp-block-column-is-layout-flow\" style=\"padding-right:var(--wp--preset--spacing--50);padding-left:var(--wp--preset--spacing--50)\">\n<div id=\"wp-block-themeisle-blocks-font-awesome-icons-e7fe9881\" class=\"wp-block-themeisle-blocks-font-awesome-icons\"><span class=\"wp-block-themeisle-blocks-font-awesome-icons-container\"><i class=\"fas fa-grip-lines\"><\/i><\/span><\/div>\n\n\n\n<h3 class=\"wp-block-heading\">Kredyty frankowe<\/h3>\n\n\n\n<p>Pomoc prawna w sporach z bankami o kredyty we frankach szwajcarskich (CHF), w tym analiza umowy i dochodzenie roszcze\u0144.<\/p>\n<\/div>\n\n\n\n<div class=\"wp-block-column is-vertically-aligned-top is-layout-flow wp-block-column-is-layout-flow\" style=\"padding-right:var(--wp--preset--spacing--50);padding-left:var(--wp--preset--spacing--50)\">\n<h3 class=\"wp-block-heading\"><\/h3>\n\n\n\n<p><\/p>\n<\/div>\n<\/div>\n<\/div><\/div>\n<\/div><\/div>\n\n\n\n<section id=\"wp-block-themeisle-blocks-advanced-columns-6013fee3\" class=\"wp-block-themeisle-blocks-advanced-columns alignfull has-3-columns has-desktop-equal-layout has-tablet-equal-layout has-mobile-collapsedRows-layout has-vertical-flex-start has-light-bg\"><div class=\"wp-block-themeisle-blocks-advanced-columns-overlay\"><\/div><div class=\"innerblocks-wrap\">\n<div id=\"wp-block-themeisle-blocks-advanced-column-6591118f\" class=\"wp-block-themeisle-blocks-advanced-column\"><div class=\"wp-block-image\">\n<figure class=\"aligncenter size-full is-resized has-custom-border\"><img loading=\"lazy\" decoding=\"async\" width=\"400\" height=\"400\" src=\"http:\/\/www.kancelaria-sobienie.pl\/wp-content\/uploads\/2026\/02\/Profile_pic-Monogram-JW.psd.jpg\" alt=\"\" class=\"wp-image-362\" style=\"border-top-left-radius:100px;border-top-right-radius:100px;border-bottom-left-radius:100px;border-bottom-right-radius:100px;width:80px;height:80px\" srcset=\"https:\/\/www.kancelaria-sobienie.pl\/wp-content\/uploads\/2026\/02\/Profile_pic-Monogram-JW.psd.jpg 400w, https:\/\/www.kancelaria-sobienie.pl\/wp-content\/uploads\/2026\/02\/Profile_pic-Monogram-JW.psd-300x300.jpg 300w, https:\/\/www.kancelaria-sobienie.pl\/wp-content\/uploads\/2026\/02\/Profile_pic-Monogram-JW.psd-150x150.jpg 150w\" sizes=\"auto, (max-width: 400px) 100vw, 400px\" \/><\/figure>\n<\/div>\n\n\n<div style=\"height:16px\" aria-hidden=\"true\" class=\"wp-block-spacer\"><\/div>\n\n\n\n<p class=\"has-text-align-center has-text-color has-link-color wp-elements-f1f03248ad8bacacdbf5885a2cab15c4\" style=\"color:#2e3433\">&#8222;\u2026Terminowo\u015b\u0107, \u015bwietny kontakt oraz indywidualne podej\u015bcie do klienta to ogromne atuty. Wida\u0107, \u017ce praca jest wykonywana z pasj\u0105 i pe\u0142nym zaanga\u017cowaniem. Efekt ko\u0144cowy przer\u00f3s\u0142 moje oczekiwania\u2026.&#8221;<\/p>\n\n\n\n<div id=\"wp-block-themeisle-blocks-advanced-heading-76454fc8\" class=\"wp-block-themeisle-blocks-advanced-heading wp-block-themeisle-blocks-advanced-heading-76454fc8\"><strong>Jaros\u0142aw<\/strong><\/div>\n<\/div>\n\n\n\n<div id=\"wp-block-themeisle-blocks-advanced-column-ea6d1956\" class=\"wp-block-themeisle-blocks-advanced-column\"><div class=\"wp-block-image\">\n<figure class=\"aligncenter size-full is-resized has-custom-border\"><img loading=\"lazy\" decoding=\"async\" width=\"400\" height=\"400\" src=\"http:\/\/www.kancelaria-sobienie.pl\/wp-content\/uploads\/2026\/02\/Profile_pic-Monogram-AT.psd.jpg\" alt=\"\" class=\"wp-image-363\" style=\"border-top-left-radius:100px;border-top-right-radius:100px;border-bottom-left-radius:100px;border-bottom-right-radius:100px;width:80px;height:80px\" srcset=\"https:\/\/www.kancelaria-sobienie.pl\/wp-content\/uploads\/2026\/02\/Profile_pic-Monogram-AT.psd.jpg 400w, https:\/\/www.kancelaria-sobienie.pl\/wp-content\/uploads\/2026\/02\/Profile_pic-Monogram-AT.psd-300x300.jpg 300w, https:\/\/www.kancelaria-sobienie.pl\/wp-content\/uploads\/2026\/02\/Profile_pic-Monogram-AT.psd-150x150.jpg 150w\" sizes=\"auto, (max-width: 400px) 100vw, 400px\" \/><\/figure>\n<\/div>\n\n\n<div style=\"height:16px\" aria-hidden=\"true\" class=\"wp-block-spacer\"><\/div>\n\n\n\n<p class=\"has-text-align-center has-text-color has-link-color wp-elements-2aaa62e9d0d7b91878a02c991fff1d7c\" style=\"color:#2e3433\">&#8222;\u2026 Z czystym sumieniem polecam us\u0142ugi pani Ady, rzetelna sumienna pe\u0142ny profesjonalizm, zaanga\u017cowanie, na sali s\u0105dowej konkretna i pewna siebie i co najwa\u017cniejsze skuteczna, podesz\u0142a do mojej sprawy indywidualnie empatycznie i duchowo\u2026.&#8221;<\/p>\n\n\n\n<div id=\"wp-block-themeisle-blocks-advanced-heading-c9f4aea0\" class=\"wp-block-themeisle-blocks-advanced-heading wp-block-themeisle-blocks-advanced-heading-c9f4aea0\"><strong>Agnieszka<\/strong><\/div>\n<\/div>\n\n\n\n<div id=\"wp-block-themeisle-blocks-advanced-column-1a42e736\" class=\"wp-block-themeisle-blocks-advanced-column\"><div class=\"wp-block-image\">\n<figure class=\"aligncenter size-full is-resized has-custom-border\"><img loading=\"lazy\" decoding=\"async\" width=\"400\" height=\"400\" src=\"http:\/\/www.kancelaria-sobienie.pl\/wp-content\/uploads\/2026\/02\/Profile_pic-Monogram-JW.psd.jpg\" alt=\"\" class=\"wp-image-362\" style=\"border-top-left-radius:100px;border-top-right-radius:100px;border-bottom-left-radius:100px;border-bottom-right-radius:100px;width:80px;height:80px\" srcset=\"https:\/\/www.kancelaria-sobienie.pl\/wp-content\/uploads\/2026\/02\/Profile_pic-Monogram-JW.psd.jpg 400w, https:\/\/www.kancelaria-sobienie.pl\/wp-content\/uploads\/2026\/02\/Profile_pic-Monogram-JW.psd-300x300.jpg 300w, https:\/\/www.kancelaria-sobienie.pl\/wp-content\/uploads\/2026\/02\/Profile_pic-Monogram-JW.psd-150x150.jpg 150w\" sizes=\"auto, (max-width: 400px) 100vw, 400px\" \/><\/figure>\n<\/div>\n\n\n<div style=\"height:16px\" aria-hidden=\"true\" class=\"wp-block-spacer\"><\/div>\n\n\n\n<p class=\"has-text-align-center has-text-color has-link-color wp-elements-25b996ab30f45316dec3fb928b9f1787\" style=\"color:#2e3433\">&#8222;\u2026&nbsp;Pe\u0142en profesjonalizm, ogromna wiedza prawnicza oraz rzetelno\u015b\u0107 na ka\u017cdym etapie sprawy sprawi\u0142y, \u017ce czu\u0142em si\u0119 w pe\u0142ni zaopiekowany i spokojny o jej przebieg\u2026&#8221;<\/p>\n\n\n\n<div id=\"wp-block-themeisle-blocks-advanced-heading-8197007c\" class=\"wp-block-themeisle-blocks-advanced-heading wp-block-themeisle-blocks-advanced-heading-8197007c\"><strong>Jaros\u0142aw<\/strong><\/div>\n<\/div>\n<\/div><\/section>\n\n\n\n<section id=\"wp-block-themeisle-blocks-advanced-columns-54baf0ef\" class=\"wp-block-themeisle-blocks-advanced-columns alignfull has-1-columns has-desktop-equal-layout has-tablet-equal-layout has-mobile-collapsedRows-layout has-vertical-flex-start has-light-bg\"><div class=\"wp-block-themeisle-blocks-advanced-columns-overlay\"><\/div><div class=\"innerblocks-wrap\">\n<div id=\"wp-block-themeisle-blocks-advanced-column-a635ca9c\" class=\"wp-block-themeisle-blocks-advanced-column\">\n<div id=\"wp-block-themeisle-blocks-button-group-69f73fe9\" class=\"wp-block-themeisle-blocks-button-group wp-block-buttons align-center-desktop\">\n<div id=\"wp-block-themeisle-blocks-button-90fbaf05\" class=\"wp-block-themeisle-blocks-button wp-block-button\"><a href=\"https:\/\/g.page\/r\/CQo71KxMEYlQEBM\/review\" target=\"_self\" rel=\"noopener noreferrer\" class=\"wp-block-button__link\"><span>Dodaj opini\u0119<\/span><\/a><\/div>\n<\/div>\n<\/div>\n<\/div><\/section>\n\n\n\n<div class=\"wp-block-group alignfull has-background\" style=\"background-color:#f2f0e9\"><div class=\"wp-block-group__inner-container is-layout-constrained wp-block-group-is-layout-constrained\">\n<div style=\"height:70px;width:0px\" aria-hidden=\"true\" class=\"wp-block-spacer\"><\/div>\n\n\n\n<div class=\"wp-block-columns alignwide are-vertically-aligned-center is-layout-flex wp-container-core-columns-is-layout-30ac8118 wp-block-columns-is-layout-flex\" style=\"padding-right:var(--wp--preset--spacing--50);padding-left:var(--wp--preset--spacing--50)\">\n<div class=\"wp-block-column is-layout-flow wp-block-column-is-layout-flow\" style=\"flex-basis:50%\">\n<h2 class=\"wp-block-heading o-typing-faster has-text-color\" style=\"color:#000000;font-size:30px\"><strong>Dlaczego ja?<\/strong><\/h2>\n<\/div>\n\n\n\n<div class=\"wp-block-column is-layout-flow wp-block-column-is-layout-flow\" style=\"flex-basis:50%\">\n<hr class=\"wp-block-separator has-text-color has-css-opacity has-background is-style-wide\" style=\"background-color:#000000;color:#000000\"\/>\n<\/div>\n<\/div>\n\n\n\n<div class=\"wp-block-columns alignwide is-layout-flex wp-container-core-columns-is-layout-ed5226f6 wp-block-columns-is-layout-flex\" style=\"border-style:none;border-width:0px;border-top-left-radius:0px;border-top-right-radius:0px;border-bottom-left-radius:0px;border-bottom-right-radius:0px;padding-right:0;padding-left:0\">\n<div class=\"wp-block-column is-layout-flow wp-block-column-is-layout-flow\" style=\"padding-top:0;padding-right:var(--wp--preset--spacing--60);padding-bottom:0;padding-left:var(--wp--preset--spacing--60)\">\n<figure class=\"wp-block-image size-large has-custom-border\"><img loading=\"lazy\" decoding=\"async\" width=\"1024\" height=\"1024\" src=\"https:\/\/www.kancelaria-sobienie.pl\/wp-content\/uploads\/2026\/02\/pic_01-1024x1024.jpg\" alt=\"\" class=\"wp-image-412\" style=\"border-style:none;border-width:0px;border-top-left-radius:18px;border-top-right-radius:18px;border-bottom-left-radius:18px;border-bottom-right-radius:18px\" srcset=\"https:\/\/www.kancelaria-sobienie.pl\/wp-content\/uploads\/2026\/02\/pic_01-1024x1024.jpg 1024w, https:\/\/www.kancelaria-sobienie.pl\/wp-content\/uploads\/2026\/02\/pic_01-300x300.jpg 300w, https:\/\/www.kancelaria-sobienie.pl\/wp-content\/uploads\/2026\/02\/pic_01-150x150.jpg 150w, https:\/\/www.kancelaria-sobienie.pl\/wp-content\/uploads\/2026\/02\/pic_01-768x768.jpg 768w, https:\/\/www.kancelaria-sobienie.pl\/wp-content\/uploads\/2026\/02\/pic_01.jpg 1080w\" sizes=\"auto, (max-width: 1024px) 100vw, 1024px\" \/><\/figure>\n<\/div>\n\n\n\n<div class=\"wp-block-column is-layout-flow wp-block-column-is-layout-flow\" style=\"padding-right:var(--wp--preset--spacing--60);padding-left:var(--wp--preset--spacing--60)\">\n<p class=\"has-text-color has-extra-small-font-size\" style=\"color:#000000\"><strong><strong>Do\u015bwiadczenie i profesjonalizm<\/strong> <\/strong><br>wieloletnia praktyka w r\u00f3\u017cnych obszarach prawa<\/p>\n\n\n\n<p class=\"has-text-color has-extra-small-font-size\" style=\"color:#000000\"><strong><strong>Indywidualne podej\u015bcie<\/strong><\/strong><br>ka\u017cda sprawa analizowana z uwag\u0105<\/p>\n\n\n\n<p class=\"has-text-color has-extra-small-font-size\" style=\"color:#000000\"><strong><strong>Lokalno\u015b\u0107<\/strong><\/strong><br>dzia\u0142ania skoncentrowane na Warszawie, Otwocku, Garwolinie i okolicach<\/p>\n<\/div>\n\n\n\n<div class=\"wp-block-column is-layout-flow wp-block-column-is-layout-flow\" style=\"padding-right:var(--wp--preset--spacing--60);padding-left:var(--wp--preset--spacing--60)\">\n<p class=\"has-text-color has-extra-small-font-size\" style=\"color:#000000\"><strong>Elastyczne modele wynagrodzenia<\/strong><br>rycza\u0142t, godziny, success fee<\/p>\n\n\n\n<p class=\"has-text-color has-extra-small-font-size\" style=\"color:#000000\"><strong>Wsparcie online i osobiste<\/strong><br>kontakt mo\u017cliwy r\u00f3wnie\u017c zdalnie<\/p>\n\n\n\n<p><\/p>\n<\/div>\n<\/div>\n\n\n\n<div style=\"height:40px;width:0px\" aria-hidden=\"true\" class=\"wp-block-spacer\"><\/div>\n<\/div><\/div>\n\n\n\n<div class=\"wp-block-columns alignwide are-vertically-aligned-top is-layout-flex wp-container-core-columns-is-layout-58cdc73b wp-block-columns-is-layout-flex\" style=\"padding-top:var(--wp--preset--spacing--80);padding-right:var(--wp--preset--spacing--50);padding-bottom:var(--wp--preset--spacing--80);padding-left:var(--wp--preset--spacing--50)\">\n<div class=\"wp-block-column is-vertically-aligned-top is-layout-flow wp-block-column-is-layout-flow\">\n<h3 class=\"wp-block-heading\">Porady prawne<\/h3>\n\n\n\n<p>Udzielanie profesjonalnych konsultacji i odpowiedzi na konkretne problemy prawne, w formie osobistej lub online.<\/p>\n<\/div>\n\n\n\n<div class=\"wp-block-column is-vertically-aligned-top is-layout-flow wp-block-column-is-layout-flow\">\n<h3 class=\"wp-block-heading\">Reprezentacja procesowa<\/h3>\n\n\n\n<p>Pe\u0142nomocnictwo i reprezentowanie Klienta przed s\u0105dami, organami administracyjnymi i urz\u0119dami.<\/p>\n<\/div>\n\n\n\n<div class=\"wp-block-column is-vertically-aligned-top is-layout-flow wp-block-column-is-layout-flow\">\n<h3 class=\"wp-block-heading\">Sporz\u0105dzanie pism i dokument\u00f3w<\/h3>\n\n\n\n<p>Przygotowywanie formalnych pism procesowych, wniosk\u00f3w, pozw\u00f3w i odwo\u0142a\u0144.<\/p>\n<\/div>\n\n\n\n<div class=\"wp-block-column is-vertically-aligned-top is-layout-flow wp-block-column-is-layout-flow\">\n<h3 class=\"wp-block-heading\">Sporz\u0105dzanie i opiniowanie um\u00f3w<\/h3>\n\n\n\n<p>Tworzenie oraz analiza um\u00f3w cywilnych, handlowych i korporacyjnych, tak aby zabezpiecza\u0142y interesy Klienta.<\/p>\n<\/div>\n<\/div>\n","protected":false},"excerpt":{"rendered":"<p>Indywidualne podej\u015bcie Moja kancelaria to miejsce, gdzie Twoje sprawy traktowane s\u0105 z najwy\u017csz\u0105 staranno\u015bci\u0105 i trosk\u0105. Jako prawnik z wieloletnim do\u015bwiadczeniem w obs\u0142udze klient\u00f3w indywidualnych i przedsi\u0119biorc\u00f3w oferuj\u0119 praktyczne wsparcie prawne dostosowane do Twojej sytuacji. Dzia\u0142am g\u0142\u00f3wnie w Warszawie, Otwocku, Garwolinie i okolicach, stawiaj\u0105c na bezpo\u015bredni kontakt, przejrzysto\u015b\u0107 i skuteczno\u015b\u0107. Pomagam w sprawach rodzinnych, spadkowych,&hellip;&nbsp;<a href=\"https:\/\/www.kancelaria-sobienie.pl\/\" rel=\"bookmark\">Dowiedz si\u0119 wi\u0119cej &raquo;<span class=\"screen-reader-text\">Kancelaria Sobienie<\/span><\/a><\/p>\n","protected":false},"author":1,"featured_media":0,"parent":0,"menu_order":0,"comment_status":"closed","ping_status":"open","template":"","meta":{"neve_meta_sidebar":"","neve_meta_container":"","neve_meta_enable_content_width":"","neve_meta_content_width":0,"neve_meta_title_alignment":"","neve_meta_author_avatar":"","neve_post_elements_order":"","neve_meta_disable_header":"off","neve_meta_disable_footer":"","neve_meta_disable_title":"on","_themeisle_gutenberg_block_has_review":false,"footnotes":""},"class_list":["post-2","page","type-page","status-publish","hentry"],"_links":{"self":[{"href":"https:\/\/www.kancelaria-sobienie.pl\/index.php?rest_route=\/wp\/v2\/pages\/2","targetHints":{"allow":["GET"]}}],"collection":[{"href":"https:\/\/www.kancelaria-sobienie.pl\/index.php?rest_route=\/wp\/v2\/pages"}],"about":[{"href":"https:\/\/www.kancelaria-sobienie.pl\/index.php?rest_route=\/wp\/v2\/types\/page"}],"author":[{"embeddable":true,"href":"https:\/\/www.kancelaria-sobienie.pl\/index.php?rest_route=\/wp\/v2\/users\/1"}],"replies":[{"embeddable":true,"href":"https:\/\/www.kancelaria-sobienie.pl\/index.php?rest_route=%2Fwp%2Fv2%2Fcomments&post=2"}],"version-history":[{"count":51,"href":"https:\/\/www.kancelaria-sobienie.pl\/index.php?rest_route=\/wp\/v2\/pages\/2\/revisions"}],"predecessor-version":[{"id":497,"href":"https:\/\/www.kancelaria-sobienie.pl\/index.php?rest_route=\/wp\/v2\/pages\/2\/revisions\/497"}],"wp:attachment":[{"href":"https:\/\/www.kancelaria-sobienie.pl\/index.php?rest_route=%2Fwp%2Fv2%2Fmedia&parent=2"}],"curies":[{"name":"wp","href":"https:\/\/api.w.org\/{rel}","templated":true}]}}